{"id":3261,"date":"2025-04-14T18:15:11","date_gmt":"2025-04-14T16:15:11","guid":{"rendered":"https:\/\/littlemagic.com.pl\/?post_type=product&#038;p=3261"},"modified":"2026-03-15T10:55:49","modified_gmt":"2026-03-15T09:55:49","slug":"buciki-soft-sole","status":"publish","type":"product","link":"https:\/\/littlemagic.com.pl\/en\/product\/buciki-soft-sole\/","title":{"rendered":"Soft sole shoes with bow \u2013 pastel pink"},"content":{"rendered":"<p><span style=\"font-family: arial, helvetica, sans-serif;\">Tiny leather slippers, baby shoes with a soft sole and a pastel pink bow are made of natural leather.<\/span><\/p>\n<p><span style=\"font-family: arial, helvetica, sans-serif;\">- Perfect as a birthday gift<\/span><\/p>\n<p><span style=\"font-family: arial, helvetica, sans-serif;\">\u2013 Cozy first walking shoes<\/span><\/p>\n<p><span style=\"font-family: arial, helvetica, sans-serif;\">\u2013 A must-have for every little world explorer<\/span><\/p>\n<p><span style=\"font-family: arial, helvetica, sans-serif;\">\u2013 A great companion in the nursery<\/span><\/p>\n<p><span style=\"font-family: arial, helvetica, sans-serif;\">High-quality leather slippers and crawling shoes to help your little explorer take their first steps. You will discover our carefully handcrafted leather slippers and crawling shoes, perfect for your baby&#039;s delicate feet. The soft soles provide optimal freedom of movement and enable learning natural movement sequences. Our high-quality walking shoes are not only comfortable, but also stylish and durable, so your little one can safely explore the world.<\/span><\/p>\n<p><span style=\"font-family: arial, helvetica, sans-serif;\">An elastic band is sewn into the back of the shoe, so it fits perfectly to your little one&#039;s foot.<\/span><\/p>\n<p><span style=\"font-family: arial, helvetica, sans-serif;\">Size<\/span><\/p>\n<p><span style=\"font-family: arial, helvetica, sans-serif;\">To determine the exact size, you can measure your foot from heel to toe while standing. Add about 1 cm to this measurement. Do not order shoes that are too big, as the leather tends to fold over the toes, which can cause the child to stumble.<\/span><\/p>\n<table width=\"628\">\n<tbody>\n<tr>\n<td style=\"text-align: center;\" colspan=\"4\" width=\"628\"><span style=\"font-size: 17px;\"><strong>Size Chart<\/strong><\/span><\/td>\n<\/tr>\n<tr>\n<td style=\"text-align: center;\" width=\"157\">SIZE<\/td>\n<td style=\"text-align: center;\">EU SIZE<\/td>\n<td style=\"text-align: center;\">CHILD&#039;S AGE<\/td>\n<td style=\"text-align: center;\" width=\"157\">SOLE LENGTH<\/p>\n<p>inside the shoe<\/td>\n<\/tr>\n<tr>\n<td style=\"text-align: center;\">S<\/td>\n<td style=\"text-align: center;\">16\/17<\/td>\n<td style=\"text-align: center;\">0-6m<\/td>\n<td style=\"text-align: center;\">12 cm<\/td>\n<\/tr>\n<tr>\n<td style=\"text-align: center;\">M<\/td>\n<td style=\"text-align: center;\">18\/19<\/td>\n<td style=\"text-align: center;\">6 - 12 m<\/td>\n<td style=\"text-align: center;\">13 cm<\/td>\n<\/tr>\n<tr>\n<td style=\"text-align: center;\">L<\/td>\n<td style=\"text-align: center;\">20\/21<\/td>\n<td style=\"text-align: center;\">12 \u2013 18 m<\/td>\n<td style=\"text-align: center;\">14 cm<\/td>\n<\/tr>\n<tr>\n<td style=\"text-align: center;\">XL<\/td>\n<td style=\"text-align: center;\">22\/23<\/td>\n<td style=\"text-align: center;\">18 \u2013 24 m<\/td>\n<td style=\"text-align: center;\">15 cm<\/td>\n<\/tr>\n<\/tbody>\n<\/table>\n<p>&nbsp;<\/p>\n<p><span style=\"font-family: arial, helvetica, sans-serif;\">Care<\/span><\/p>\n<p><span style=\"font-family: arial, helvetica, sans-serif;\">Soft sole shoes with bow - pastel pink can be cleaned with a damp cloth. If they get completely wet, they should be dried slowly (not on a radiator) and thoroughly kneaded from time to time to keep them flexible. If the sole becomes a little smooth, you can brush it again a little with a suede brush or fine sandpaper.<\/span><\/p>\n<p>&nbsp;<\/p>","protected":false},"excerpt":{"rendered":"<p>Malutkie kapcie sk\u00f3rzane, buciki niemowl\u0119ce z mi\u0119kk\u0105 podeszw\u0105 (soft sole) z kokard\u0105 w kolorze pastelowy r\u00f3\u017c wykonane s\u0105 ze sk\u00f3ry naturalnej &#8211; Idealny jako prezent urodzinowy &#8211; Przytulne pierwsze buty do chodzenia &#8211; Obowi\u0105zkowa pozycja dla ka\u017cdego ma\u0142ego odkrywcy \u015bwiata &#8211; \u015awietny towarzysz w \u017c\u0142obku Wysokiej jako\u015bci sk\u00f3rzane kapcie i buty do raczkowania, kt\u00f3re pomog\u0105&#8230;<\/p>","protected":false},"featured_media":3258,"comment_status":"closed","ping_status":"closed","template":"","meta":{"_kad_post_transparent":"default","_kad_post_title":"","_kad_post_layout":"default","_kad_post_sidebar_id":"","_kad_post_content_style":"default","_kad_post_vertical_padding":"default","_kad_post_feature":"","_kad_post_feature_position":"","_kad_post_header":false,"_kad_post_footer":false,"_kad_post_classname":""},"product_brand":[],"product_cat":[21,30],"product_tag":[],"class_list":{"0":"post-3261","1":"product","2":"type-product","3":"status-publish","4":"has-post-thumbnail","6":"product_cat-buciki","7":"product_cat-buciki-z-kokarda","9":"first","10":"instock","11":"sale","12":"taxable","13":"shipping-taxable","14":"purchasable","15":"product-type-variable","16":"has-default-attributes","17":"entry","18":"content-bg","19":"loop-entry"},"jetpack_sharing_enabled":true,"_links":{"self":[{"href":"https:\/\/littlemagic.com.pl\/en\/wp-json\/wp\/v2\/product\/3261","targetHints":{"allow":["GET"]}}],"collection":[{"href":"https:\/\/littlemagic.com.pl\/en\/wp-json\/wp\/v2\/product"}],"about":[{"href":"https:\/\/littlemagic.com.pl\/en\/wp-json\/wp\/v2\/types\/product"}],"replies":[{"embeddable":true,"href":"https:\/\/littlemagic.com.pl\/en\/wp-json\/wp\/v2\/comments?post=3261"}],"wp:featuredmedia":[{"embeddable":true,"href":"https:\/\/littlemagic.com.pl\/en\/wp-json\/wp\/v2\/media\/3258"}],"wp:attachment":[{"href":"https:\/\/littlemagic.com.pl\/en\/wp-json\/wp\/v2\/media?parent=3261"}],"wp:term":[{"taxonomy":"product_brand","embeddable":true,"href":"https:\/\/littlemagic.com.pl\/en\/wp-json\/wp\/v2\/product_brand?post=3261"},{"taxonomy":"product_cat","embeddable":true,"href":"https:\/\/littlemagic.com.pl\/en\/wp-json\/wp\/v2\/product_cat?post=3261"},{"taxonomy":"product_tag","embeddable":true,"href":"https:\/\/littlemagic.com.pl\/en\/wp-json\/wp\/v2\/product_tag?post=3261"}],"curies":[{"name":"wp","href":"https:\/\/api.w.org\/{rel}","templated":true}]}}