{"id":2957,"date":"2024-12-26T17:09:30","date_gmt":"2024-12-26T16:09:30","guid":{"rendered":"https:\/\/littlemagic.com.pl\/?post_type=product&#038;p=2957"},"modified":"2025-09-23T17:46:23","modified_gmt":"2025-09-23T15:46:23","slug":"pieluszka-muslinowa-biala","status":"publish","type":"product","link":"https:\/\/littlemagic.com.pl\/en\/product\/pieluszka-muslinowa-biala\/","title":{"rendered":"Muslin diaper \u2013 white"},"content":{"rendered":"<h2 data-start=\"384\" data-end=\"448\">Muslin diaper \u2013 white and perfect from the first days of life<\/h2>\n<p data-start=\"450\" data-end=\"750\"><strong data-start=\"450\" data-end=\"481\">Muslin diaper \u2013 white<\/strong> This is an indispensable part of a baby&#039;s layette. Made of exceptionally delicate muslin cotton, it is completely safe for baby&#039;s sensitive skin from the very first days of life. Moreover, its classic white color symbolizes purity and simplicity.<\/p>\n<hr data-start=\"752\" data-end=\"755\" \/>\n<h2 data-start=\"757\" data-end=\"788\">Universal and multifunctional<\/h2>\n<p data-start=\"790\" data-end=\"878\">This white diaper comes in handy every day because it has many practical uses:<\/p>\n<ul data-start=\"880\" data-end=\"1065\">\n<li data-start=\"880\" data-end=\"902\">\n<p data-start=\"882\" data-end=\"902\">while feeding,<\/p>\n<\/li>\n<li data-start=\"903\" data-end=\"931\">\n<p data-start=\"905\" data-end=\"931\">for burping after a meal,<\/p>\n<\/li>\n<li data-start=\"932\" data-end=\"969\">\n<p data-start=\"934\" data-end=\"969\">for gently wiping the face,<\/p>\n<\/li>\n<li data-start=\"970\" data-end=\"1007\">\n<p data-start=\"972\" data-end=\"1007\">as a light cover on warm days,<\/p>\n<\/li>\n<li data-start=\"1008\" data-end=\"1027\">\n<p data-start=\"1010\" data-end=\"1027\">for cuddling,<\/p>\n<\/li>\n<li data-start=\"1028\" data-end=\"1065\">\n<p data-start=\"1030\" data-end=\"1065\">as a soft changing pad.<\/p>\n<\/li>\n<\/ul>\n<p data-start=\"1067\" data-end=\"1170\">Thanks to its lightness and compact size, the diaper is perfect both at home and when traveling.<\/p>\n<hr data-start=\"1172\" data-end=\"1175\" \/>\n<h2 data-start=\"1177\" data-end=\"1232\">Why is a white muslin diaper a good choice?<\/h2>\n<p data-start=\"1234\" data-end=\"1337\">Cotton muslin is a fabric with a natural composition and excellent properties. Primarily, it is:<\/p>\n<ul data-start=\"1339\" data-end=\"1514\">\n<li data-start=\"1339\" data-end=\"1369\">\n<p data-start=\"1341\" data-end=\"1369\">very airy and light,<\/p>\n<\/li>\n<li data-start=\"1370\" data-end=\"1421\">\n<p data-start=\"1372\" data-end=\"1421\">exceptionally soft \u2013 does not irritate baby&#039;s skin,<\/p>\n<\/li>\n<li data-start=\"1422\" data-end=\"1449\">\n<p data-start=\"1424\" data-end=\"1449\">quick-drying and durable,<\/p>\n<\/li>\n<li data-start=\"1450\" data-end=\"1514\">\n<p data-start=\"1452\" data-end=\"1514\">What&#039;s more, it becomes even softer with each wash.<\/p>\n<\/li>\n<\/ul>\n<p data-start=\"1516\" data-end=\"1581\">The diaper does not require ironing, thus saving parents time.<\/p>\n<hr data-start=\"1583\" data-end=\"1586\" \/>\n<h2 data-start=\"1588\" data-end=\"1608\">Available sizes<\/h2>\n<ul data-start=\"1610\" data-end=\"1721\">\n<li data-start=\"1610\" data-end=\"1661\">\n<p data-start=\"1612\" data-end=\"1661\"><strong data-start=\"1612\" data-end=\"1624\">30\u00d730 cm<\/strong> (+\/-1 cm) \u2013 perfect as a downpour,<\/p>\n<\/li>\n<li data-start=\"1662\" data-end=\"1721\">\n<p data-start=\"1664\" data-end=\"1721\"><strong data-start=\"1664\" data-end=\"1676\">50\u00d760 cm<\/strong> (+\/-1 cm) \u2013 universal for many applications.<\/p>\n<\/li>\n<\/ul>\n<hr data-start=\"1723\" data-end=\"1726\" \/>\n<h2 data-start=\"1728\" data-end=\"1768\">How to wash a white muslin diaper?<\/h2>\n<p data-start=\"1770\" data-end=\"1843\">To make the diaper last as long as possible, it is worth following the rules below:<\/p>\n<ul data-start=\"1845\" data-end=\"2005\">\n<li data-start=\"1845\" data-end=\"1881\">\n<p data-start=\"1847\" data-end=\"1881\">wash it at temperatures up to 40\u00b0C,<\/p>\n<\/li>\n<li data-start=\"1882\" data-end=\"1938\">\n<p data-start=\"1884\" data-end=\"1938\">use fabric softeners intended for children,<\/p>\n<\/li>\n<li data-start=\"1939\" data-end=\"1972\">\n<p data-start=\"1941\" data-end=\"1972\">do not tumble dry,<\/p>\n<\/li>\n<li data-start=\"1973\" data-end=\"1990\">\n<p data-start=\"1975\" data-end=\"1990\">do not bleach,<\/p>\n<\/li>\n<li data-start=\"1991\" data-end=\"2005\">\n<p data-start=\"1993\" data-end=\"2005\">do not chlorinate.<\/p>\n<\/li>\n<\/ul>\n<hr data-start=\"2007\" data-end=\"2010\" \/>\n<p data-start=\"2012\" data-end=\"2183\"><strong data-start=\"2012\" data-end=\"2043\">Muslin diaper \u2013 white<\/strong> This is a classic at its finest. It&#039;s natural, safe, and beautiful, and thanks to its quality, it supports your child&#039;s daily care.<\/p>","protected":false},"excerpt":{"rendered":"<p>Pieluszka mu\u015blinowa \u2013 bia\u0142a i idealna od pierwszych dni \u017cycia Pieluszka mu\u015blinowa \u2013 bia\u0142a to niezast\u0105piony element wyprawki niemowlaka. Zosta\u0142a wykonana z wyj\u0105tkowo delikatnej bawe\u0142ny mu\u015blinowej, dlatego jest ca\u0142kowicie bezpieczna dla wra\u017cliwej sk\u00f3ry dziecka ju\u017c od pierwszych dni \u017cycia. Co wi\u0119cej, jej klasyczny, bia\u0142y kolor symbolizuje czysto\u015b\u0107 i prostot\u0119. Uniwersalna i wielofunkcyjna Ta bia\u0142a pieluszka&#8230;<\/p>","protected":false},"featured_media":2811,"comment_status":"closed","ping_status":"closed","template":"","meta":{"_kad_post_transparent":"default","_kad_post_title":"","_kad_post_layout":"default","_kad_post_sidebar_id":"","_kad_post_content_style":"default","_kad_post_vertical_padding":"default","_kad_post_feature":"","_kad_post_feature_position":"","_kad_post_header":false,"_kad_post_footer":false,"_kad_post_classname":""},"product_brand":[],"product_cat":[38],"product_tag":[],"class_list":{"0":"post-2957","1":"product","2":"type-product","3":"status-publish","4":"has-post-thumbnail","6":"product_cat-pieluszka","8":"first","9":"instock","10":"taxable","11":"shipping-taxable","12":"purchasable","13":"product-type-variable","14":"entry","15":"content-bg","16":"loop-entry"},"jetpack_sharing_enabled":true,"_links":{"self":[{"href":"https:\/\/littlemagic.com.pl\/en\/wp-json\/wp\/v2\/product\/2957","targetHints":{"allow":["GET"]}}],"collection":[{"href":"https:\/\/littlemagic.com.pl\/en\/wp-json\/wp\/v2\/product"}],"about":[{"href":"https:\/\/littlemagic.com.pl\/en\/wp-json\/wp\/v2\/types\/product"}],"replies":[{"embeddable":true,"href":"https:\/\/littlemagic.com.pl\/en\/wp-json\/wp\/v2\/comments?post=2957"}],"wp:featuredmedia":[{"embeddable":true,"href":"https:\/\/littlemagic.com.pl\/en\/wp-json\/wp\/v2\/media\/2811"}],"wp:attachment":[{"href":"https:\/\/littlemagic.com.pl\/en\/wp-json\/wp\/v2\/media?parent=2957"}],"wp:term":[{"taxonomy":"product_brand","embeddable":true,"href":"https:\/\/littlemagic.com.pl\/en\/wp-json\/wp\/v2\/product_brand?post=2957"},{"taxonomy":"product_cat","embeddable":true,"href":"https:\/\/littlemagic.com.pl\/en\/wp-json\/wp\/v2\/product_cat?post=2957"},{"taxonomy":"product_tag","embeddable":true,"href":"https:\/\/littlemagic.com.pl\/en\/wp-json\/wp\/v2\/product_tag?post=2957"}],"curies":[{"name":"wp","href":"https:\/\/api.w.org\/{rel}","templated":true}]}}