{"id":2951,"date":"2024-12-26T17:05:25","date_gmt":"2024-12-26T16:05:25","guid":{"rendered":"https:\/\/littlemagic.com.pl\/?post_type=product&#038;p=2951"},"modified":"2026-01-28T14:00:02","modified_gmt":"2026-01-28T13:00:02","slug":"pieluszka-muslinowa-niebieska-w-biale-paski","status":"publish","type":"product","link":"https:\/\/littlemagic.com.pl\/en\/product\/pieluszka-muslinowa-niebieska-w-biale-paski\/","title":{"rendered":"Muslin Diaper \u2013 Blue with White Stripes"},"content":{"rendered":"<h2 data-start=\"300\" data-end=\"387\">Muslin diaper \u2013 blue with white stripes. Delicate and stylish from the very first days.<\/h2>\n<p data-start=\"389\" data-end=\"727\"><strong data-start=\"389\" data-end=\"438\">Muslin diaper \u2013 blue with white stripes<\/strong> It&#039;s a practical yet exceptionally aesthetic addition to any baby&#039;s layette. Made from delicate muslin cotton, it&#039;s perfect for use from the very first days of life. Furthermore, the classic white striped pattern on a blue background gives it a fresh and timeless look.<\/p>\n<hr data-start=\"729\" data-end=\"732\" \/>\n<h2 data-start=\"734\" data-end=\"770\">Multifunctional and always needed<\/h2>\n<p data-start=\"772\" data-end=\"860\">This <strong data-start=\"775\" data-end=\"812\">blue diaper with white stripes<\/strong> fulfills many everyday tasks because it is:<\/p>\n<ul data-start=\"862\" data-end=\"1086\">\n<li data-start=\"862\" data-end=\"892\">\n<p data-start=\"864\" data-end=\"892\">helpful during feeding,<\/p>\n<\/li>\n<li data-start=\"893\" data-end=\"935\">\n<p data-start=\"895\" data-end=\"935\">indispensable for burping after a meal,<\/p>\n<\/li>\n<li data-start=\"936\" data-end=\"981\">\n<p data-start=\"938\" data-end=\"981\">perfect for gently wiping the face,<\/p>\n<\/li>\n<li data-start=\"982\" data-end=\"1017\">\n<p data-start=\"984\" data-end=\"1017\">practical as a light covering,<\/p>\n<\/li>\n<li data-start=\"1018\" data-end=\"1047\">\n<p data-start=\"1020\" data-end=\"1047\">useful for cuddling,<\/p>\n<\/li>\n<li data-start=\"1048\" data-end=\"1086\">\n<p data-start=\"1050\" data-end=\"1086\">convenient as a changing pad.<\/p>\n<\/li>\n<\/ul>\n<p data-start=\"1088\" data-end=\"1259\">Thanks to its compact size and softness, the diaper is perfect for both home and outdoor use \u2013 on walks, while traveling, or visiting friends. Importantly, it always fits in your bag.<\/p>\n<hr data-start=\"1261\" data-end=\"1264\" \/>\n<h2 data-start=\"1266\" data-end=\"1337\">Why is it worth choosing a muslin diaper \u2013 blue with white stripes?<\/h2>\n<p data-start=\"1339\" data-end=\"1428\">Muslin cotton is a fabric appreciated by parents around the world. Primarily:<\/p>\n<ul data-start=\"1430\" data-end=\"1571\">\n<li data-start=\"1430\" data-end=\"1458\">\n<p data-start=\"1432\" data-end=\"1458\">it is light and airy,<\/p>\n<\/li>\n<li data-start=\"1459\" data-end=\"1506\">\n<p data-start=\"1461\" data-end=\"1506\">does not irritate the baby&#039;s delicate skin,<\/p>\n<\/li>\n<li data-start=\"1507\" data-end=\"1525\">\n<p data-start=\"1509\" data-end=\"1525\">dries quickly,<\/p>\n<\/li>\n<li data-start=\"1526\" data-end=\"1571\">\n<p data-start=\"1528\" data-end=\"1571\">becomes even softer with each wash.<\/p>\n<\/li>\n<\/ul>\n<p data-start=\"1573\" data-end=\"1770\">Additionally <strong data-start=\"1583\" data-end=\"1632\">diaper<\/strong>\u00a0It doesn&#039;t require ironing, saving you time. What&#039;s more, its durability means it will maintain its quality even with heavy use.<\/p>\n<hr data-start=\"1772\" data-end=\"1775\" \/>\n<h2 data-start=\"1777\" data-end=\"1797\">Available sizes<\/h2>\n<ul data-start=\"1799\" data-end=\"1920\">\n<li data-start=\"1799\" data-end=\"1852\">\n<p data-start=\"1801\" data-end=\"1852\"><strong data-start=\"1801\" data-end=\"1813\">30\u00d730 cm<\/strong> (+\/-1 cm) \u2013 perfect as a downpour,<\/p>\n<\/li>\n<li data-start=\"1853\" data-end=\"1920\">\n<p data-start=\"1855\" data-end=\"1920\"><strong data-start=\"1855\" data-end=\"1867\">50\u00d760 cm<\/strong> (+\/-1 cm) \u2013 universal size for many applications.<\/p>\n<\/li>\n<\/ul>\n<p data-start=\"1922\" data-end=\"2010\">Different sizes allow you to choose the perfect version for the specific needs of the child and parent.<\/p>\n<hr data-start=\"2012\" data-end=\"2015\" \/>\n<h2 data-start=\"2017\" data-end=\"2082\">Muslin diaper \u2013 blue with white stripes \u2013 how to care for it?<\/h2>\n<p data-start=\"2084\" data-end=\"2134\">To ensure the diaper retains its appearance and properties:<\/p>\n<ul data-start=\"2136\" data-end=\"2309\">\n<li data-start=\"2136\" data-end=\"2172\">\n<p data-start=\"2138\" data-end=\"2172\">wash it at temperatures up to 40\u00b0C,<\/p>\n<\/li>\n<li data-start=\"2173\" data-end=\"2235\">\n<p data-start=\"2175\" data-end=\"2235\">use mild rinses intended for children,<\/p>\n<\/li>\n<li data-start=\"2236\" data-end=\"2276\">\n<p data-start=\"2238\" data-end=\"2276\">avoid tumble drying,<\/p>\n<\/li>\n<li data-start=\"2277\" data-end=\"2294\">\n<p data-start=\"2279\" data-end=\"2294\">do not bleach,<\/p>\n<\/li>\n<li data-start=\"2295\" data-end=\"2309\">\n<p data-start=\"2297\" data-end=\"2309\">do not chlorinate.<\/p>\n<\/li>\n<\/ul>\n<p data-start=\"2311\" data-end=\"2420\">With proper care, the diaper will remain soft, pleasant to the touch and aesthetically pleasing for a long time.<\/p>\n<hr data-start=\"2422\" data-end=\"2425\" \/>\n<p data-start=\"2427\" data-end=\"2624\"><strong data-start=\"2427\" data-end=\"2476\">Muslin diaper \u2013 blue with white stripes<\/strong> It&#039;s a combination of comfort, functionality, and style. It&#039;s delicate, durable, and beautiful\u2014perfect for everyday wear, from the very first moments of your baby&#039;s life.<\/p>","protected":false},"excerpt":{"rendered":"<p>Pieluszka mu\u015blinowa \u2013 niebieska w bia\u0142e paski. Delikatna i stylowa od pierwszych dni Pieluszka mu\u015blinowa \u2013 niebieska w bia\u0142e paski to praktyczny, a zarazem wyj\u0105tkowo estetyczny element wyprawki ka\u017cdego niemowlaka. Zosta\u0142a uszyta z delikatnej bawe\u0142ny mu\u015blinowej, dlatego \u015bwietnie sprawdza si\u0119 ju\u017c od pierwszych dni \u017cycia. Co wi\u0119cej, klasyczny wz\u00f3r w bia\u0142e paski na niebieskim tle&#8230;<\/p>","protected":false},"featured_media":2809,"comment_status":"closed","ping_status":"closed","template":"","meta":{"_kad_post_transparent":"default","_kad_post_title":"","_kad_post_layout":"default","_kad_post_sidebar_id":"","_kad_post_content_style":"default","_kad_post_vertical_padding":"default","_kad_post_feature":"","_kad_post_feature_position":"","_kad_post_header":false,"_kad_post_footer":false,"_kad_post_classname":""},"product_brand":[],"product_cat":[38],"product_tag":[],"class_list":{"0":"post-2951","1":"product","2":"type-product","3":"status-publish","4":"has-post-thumbnail","6":"product_cat-pieluszka","8":"first","9":"instock","10":"taxable","11":"shipping-taxable","12":"purchasable","13":"product-type-variable","14":"entry","15":"content-bg","16":"loop-entry"},"jetpack_sharing_enabled":true,"_links":{"self":[{"href":"https:\/\/littlemagic.com.pl\/en\/wp-json\/wp\/v2\/product\/2951","targetHints":{"allow":["GET"]}}],"collection":[{"href":"https:\/\/littlemagic.com.pl\/en\/wp-json\/wp\/v2\/product"}],"about":[{"href":"https:\/\/littlemagic.com.pl\/en\/wp-json\/wp\/v2\/types\/product"}],"replies":[{"embeddable":true,"href":"https:\/\/littlemagic.com.pl\/en\/wp-json\/wp\/v2\/comments?post=2951"}],"wp:featuredmedia":[{"embeddable":true,"href":"https:\/\/littlemagic.com.pl\/en\/wp-json\/wp\/v2\/media\/2809"}],"wp:attachment":[{"href":"https:\/\/littlemagic.com.pl\/en\/wp-json\/wp\/v2\/media?parent=2951"}],"wp:term":[{"taxonomy":"product_brand","embeddable":true,"href":"https:\/\/littlemagic.com.pl\/en\/wp-json\/wp\/v2\/product_brand?post=2951"},{"taxonomy":"product_cat","embeddable":true,"href":"https:\/\/littlemagic.com.pl\/en\/wp-json\/wp\/v2\/product_cat?post=2951"},{"taxonomy":"product_tag","embeddable":true,"href":"https:\/\/littlemagic.com.pl\/en\/wp-json\/wp\/v2\/product_tag?post=2951"}],"curies":[{"name":"wp","href":"https:\/\/api.w.org\/{rel}","templated":true}]}}