{"id":3383,"date":"2025-04-24T23:34:47","date_gmt":"2025-04-24T21:34:47","guid":{"rendered":"https:\/\/littlemagic.com.pl\/?page_id=3383"},"modified":"2025-05-06T19:02:39","modified_gmt":"2025-05-06T17:02:39","slug":"muslinowe-bloomersy-z-falbankami","status":"publish","type":"page","link":"https:\/\/littlemagic.com.pl\/en\/muslinowe-bloomersy-z-falbankami\/","title":{"rendered":"Muslin bloomers with frills"},"content":{"rendered":"<div data-elementor-type=\"wp-page\" data-elementor-id=\"3383\" class=\"elementor elementor-3383\" data-elementor-post-type=\"page\">\n\t\t\t\t<div class=\"elementor-element elementor-element-58bd9f9 e-flex e-con-boxed e-con e-parent\" data-id=\"58bd9f9\" data-element_type=\"container\" data-e-type=\"container\">\n\t\t\t\t\t<div class=\"e-con-inner\">\n\t\t\t\t<div class=\"elementor-element elementor-element-1c5c5ff elementor-widget elementor-widget-heading\" data-id=\"1c5c5ff\" data-element_type=\"widget\" data-e-type=\"widget\" data-widget_type=\"heading.default\">\n\t\t\t\t\t<h2 class=\"elementor-heading-title elementor-size-default\">\ud83c\udf38 Muslin bloomers with frills - perfect for summer for your little one<\/h2>\t\t\t\t<\/div>\n\t\t\t\t<div class=\"elementor-element elementor-element-c7b6135 elementor-widget elementor-widget-text-editor\" data-id=\"c7b6135\" data-element_type=\"widget\" data-e-type=\"widget\" data-widget_type=\"text-editor.default\">\n\t\t\t\t\t\t\t\t\t<h3 data-start=\"248\" data-end=\"317\">\u00a0<\/h3><p data-start=\"319\" data-end=\"741\"><strong data-start=\"319\" data-end=\"358\">Muslin bloomers for girls<\/strong> is not only a charming addition to a child&#039;s wardrobe, but above all a practical and comfortable element of summer styling. Made of the highest quality, 100% muslin cotton, they guarantee breathability and comfort of wearing even on the hottest days. Thanks to the natural properties of the material, muslin allows the skin to breathe, prevents overheating and minimizes the risk of irritation.<\/p><p data-start=\"743\" data-end=\"1091\">What is important, our <strong data-start=\"759\" data-end=\"795\">muslin bloomers with frills<\/strong> They were designed with maximum comfort for the youngest in mind. The elastic band at the waist and thighs not only ensures a perfect fit, but also does not cause pressure, so the little one can move freely. This is especially important during summer outdoor fun.<\/p><p data-start=\"1093\" data-end=\"1529\">Bloomers will work well as a stand-alone element of an outfit, as well as in a set with a summer dress, top or tunic. Thanks to their versatility, they match many styles \u2013 from everyday to more elegant. Therefore, they are a great choice for both a walk and a family celebration. If you are looking for a product that combines aesthetics with functionality, <strong data-start=\"1463\" data-end=\"1502\">muslin bloomers for girls<\/strong> will meet your expectations.<\/p><p data-start=\"1531\" data-end=\"1793\">An additional advantage is their appearance - delicate frills give the whole thing a girly charm, emphasizing the subtlety and natural style of the child. What&#039;s more, bloomers are easy to care for and dry quickly, which makes them an even more practical solution for the summer.<\/p><p data-start=\"1795\" data-end=\"2008\">To sum up, <strong data-start=\"1809\" data-end=\"1832\">Muslin Bloomers<\/strong> are a must-have in every little lady&#039;s summer wardrobe. They combine comfort, safety and beautiful appearance. Order now and take care of your child&#039;s comfort on warm summer days!<\/p>\t\t\t\t\t\t\t\t<\/div>\n\t\t\t\t\t<\/div>\n\t\t\t\t<\/div>\n\t\t<div class=\"elementor-element elementor-element-cc723c2 e-flex e-con-boxed e-con e-parent\" data-id=\"cc723c2\" data-element_type=\"container\" data-e-type=\"container\">\n\t\t\t\t\t<div class=\"e-con-inner\">\n\t\t\t\t<div class=\"elementor-element elementor-element-ff04893 elementor-widget elementor-widget-shortcode\" data-id=\"ff04893\" data-element_type=\"widget\" data-e-type=\"widget\" data-widget_type=\"shortcode.default\">\n\t\t\t\t\t\t\t<div class=\"elementor-shortcode\"><div class=\"woocommerce columns-3\"><ul class=\"products content-wrap product-archive grid-cols grid-sm-col-2 grid-lg-col-3 woo-archive-action-visible woo-archive-btn-button align-buttons-bottom  woo-archive-image-hover-flip\"><li class=\"entry content-bg loop-entry product type-product post-3389 status-publish first instock product_cat-bloomersy has-post-thumbnail taxable shipping-taxable purchasable product-type-variable\">\n\t<a href=\"https:\/\/littlemagic.com.pl\/en\/product\/muslinowe-bloomersy-z-falbanka\/\" class=\"woocommerce-loop-image-link woocommerce-LoopProduct-link woocommerce-loop-product__link product-has-hover-image\"><img fetchpriority=\"high\" decoding=\"async\" width=\"400\" height=\"645\" src=\"https:\/\/littlemagic.com.pl\/wp-content\/uploads\/2025\/04\/IMG_E2937-pop_wynik-400x645.avif\" class=\"attachment-woocommerce_thumbnail size-woocommerce_thumbnail\" alt=\"Little Magic - Naturalne produkty dla niemowl\u0105t i dzieci Mu\u015blinowe bloomersy z falbank\u0105 widok\" srcset=\"https:\/\/littlemagic.com.pl\/wp-content\/uploads\/2025\/04\/IMG_E2937-pop_wynik-400x645.avif 400w, https:\/\/littlemagic.com.pl\/wp-content\/uploads\/2025\/04\/IMG_E2937-pop_wynik-186x300.avif 186w, https:\/\/littlemagic.com.pl\/wp-content\/uploads\/2025\/04\/IMG_E2937-pop_wynik-635x1024.avif 635w, https:\/\/littlemagic.com.pl\/wp-content\/uploads\/2025\/04\/IMG_E2937-pop_wynik-768x1239.avif 768w, https:\/\/littlemagic.com.pl\/wp-content\/uploads\/2025\/04\/IMG_E2937-pop_wynik-952x1536.avif 952w, https:\/\/littlemagic.com.pl\/wp-content\/uploads\/2025\/04\/IMG_E2937-pop_wynik-500x806.avif 500w, https:\/\/littlemagic.com.pl\/wp-content\/uploads\/2025\/04\/IMG_E2937-pop_wynik.avif 992w\" sizes=\"(max-width: 1024px) 100vw, 768px\" \/><img decoding=\"async\" width=\"400\" height=\"533\" src=\"https:\/\/littlemagic.com.pl\/wp-content\/uploads\/2025\/04\/IMG_2913_wynik-pop.avif\" class=\"secondary-product-image attachment-woocommerce_thumbnail attachment-shop-catalog wp-post-image wp-post-image--secondary\" alt=\"Mu\u015blinowe bloomersy z falbank\u0105 od g\u00f3ry\" title=\"IMG_2913_pop result\" srcset=\"https:\/\/littlemagic.com.pl\/wp-content\/uploads\/2025\/04\/IMG_2913_wynik-pop.avif 1200w, https:\/\/littlemagic.com.pl\/wp-content\/uploads\/2025\/04\/IMG_2913_wynik-pop-225x300.avif 225w, https:\/\/littlemagic.com.pl\/wp-content\/uploads\/2025\/04\/IMG_2913_wynik-pop-768x1024.avif 768w, https:\/\/littlemagic.com.pl\/wp-content\/uploads\/2025\/04\/IMG_2913_wynik-pop-1152x1536.avif 1152w, https:\/\/littlemagic.com.pl\/wp-content\/uploads\/2025\/04\/IMG_2913_wynik-pop-400x533.avif 400w, https:\/\/littlemagic.com.pl\/wp-content\/uploads\/2025\/04\/IMG_2913_wynik-pop-500x667.avif 500w\" sizes=\"(max-width: 1024px) 100vw, 768px\" \/><\/a><div class=\"product-details content-bg entry-content-wrap\"><h2 class=\"woocommerce-loop-product__title\"><a href=\"https:\/\/littlemagic.com.pl\/en\/product\/muslinowe-bloomersy-z-falbanka\/\" class=\"woocommerce-LoopProduct-link-title woocommerce-loop-product__title_ink\">Muslin bloomers with frills<\/a><\/h2>\n\t<span class=\"price\"><span class=\"woocommerce-Price-amount amount\"><bdi>139,00&nbsp;<span class=\"woocommerce-Price-currencySymbol\">&#122;&#322;<\/span><\/bdi><\/span><\/span>\n<div class=\"product-action-wrap\"><a href=\"https:\/\/littlemagic.com.pl\/en\/product\/muslinowe-bloomersy-z-falbanka\/\" data-quantity=\"1\" class=\"button product_type_variable add_to_cart_button\" data-product_id=\"3389\" data-product_sku=\"3389\" aria-label=\"Select options for \u201cMu\u015blinowe bloomersy z falbank\u0105\u201d\" rel=\"nofollow\" data-no-translation-aria-label=\"\">Select options<span class=\"kadence-svg-iconset svg-baseline\"><svg class=\"kadence-svg-icon kadence-spinner-svg\" fill=\"currentColor\" version=\"1.1\" xmlns=\"http:\/\/www.w3.org\/2000\/svg\" width=\"16\" height=\"16\" viewbox=\"0 0 16 16\"><title>Loading<\/title><path d=\"M16 6h-6l2.243-2.243c-1.133-1.133-2.64-1.757-4.243-1.757s-3.109 0.624-4.243 1.757c-1.133 1.133-1.757 2.64-1.757 4.243s0.624 3.109 1.757 4.243c1.133 1.133 2.64 1.757 4.243 1.757s3.109-0.624 4.243-1.757c0.095-0.095 0.185-0.192 0.273-0.292l1.505 1.317c-1.466 1.674-3.62 2.732-6.020 2.732-4.418 0-8-3.582-8-8s3.582-8 8-8c2.209 0 4.209 0.896 5.656 2.344l2.343-2.344v6z\"><\/path>\n\t\t\t\t<\/svg><\/span><span class=\"kadence-svg-iconset svg-baseline\"><svg class=\"kadence-svg-icon kadence-check-svg\" fill=\"currentColor\" version=\"1.1\" xmlns=\"http:\/\/www.w3.org\/2000\/svg\" width=\"16\" height=\"16\" viewbox=\"0 0 16 16\"><title>Done<\/title><path d=\"M14 2.5l-8.5 8.5-3.5-3.5-1.5 1.5 5 5 10-10z\"><\/path>\n\t\t\t\t<\/svg><\/span><\/a>\t<span id=\"woocommerce_loop_add_to_cart_link_describedby_3389\" class=\"screen-reader-text\">\n\t\tThis product has multiple variants. The options may be chosen on the product page\t<\/span>\n<span class=\"gtm4wp_productdata\" style=\"display:none; visibility:hidden;\" data-gtm4wp_product_data=\"{&quot;internal_id&quot;:3389,&quot;item_id&quot;:3389,&quot;item_name&quot;:&quot;Mu\\u015blinowe bloomersy z falbank\\u0105&quot;,&quot;sku&quot;:&quot;3389&quot;,&quot;price&quot;:139,&quot;stocklevel&quot;:1,&quot;stockstatus&quot;:&quot;instock&quot;,&quot;google_business_vertical&quot;:&quot;retail&quot;,&quot;item_category&quot;:&quot;Bloomersy&quot;,&quot;id&quot;:3389,&quot;productlink&quot;:&quot;https:\\\/\\\/littlemagic.com.pl\\\/en\\\/product\\\/muslinowe-bloomersy-z-falbanka\\\/&quot;,&quot;item_list_name&quot;:&quot;General Product List&quot;,&quot;index&quot;:1,&quot;product_type&quot;:&quot;variable&quot;,&quot;item_brand&quot;:&quot;&quot;}\"><\/span><\/div><\/div><\/li>\n<\/ul>\n<\/div>\n<\/div>\n\t\t\t\t\t\t<\/div>\n\t\t\t\t\t<\/div>\n\t\t\t\t<\/div>\n\t\t\t\t<\/div>","protected":false},"excerpt":{"rendered":"<p>\ud83c\udf38 Mu\u015blinowe bloomersy z falbankami \u2013 idealne na lato dla malucha \u00a0 Mu\u015blinowe bloomersy dla dziewczynki to nie tylko uroczy dodatek do dzieci\u0119cej garderoby, ale przede wszystkim praktyczny i wygodny element letnich stylizacji. Uszyte z najwy\u017cszej jako\u015bci, 100% bawe\u0142ny mu\u015blinowej, gwarantuj\u0105 przewiewno\u015b\u0107 i komfort noszenia nawet w najbardziej upalne dni. Dzi\u0119ki naturalnym w\u0142a\u015bciwo\u015bciom materia\u0142u, mu\u015blin&#8230;<\/p>","protected":false},"author":1,"featured_media":0,"parent":0,"menu_order":0,"comment_status":"closed","ping_status":"closed","template":"","meta":{"_kad_post_transparent":"","_kad_post_title":"hide","_kad_post_layout":"fullwidth","_kad_post_sidebar_id":"","_kad_post_content_style":"unboxed","_kad_post_vertical_padding":"hide","_kad_post_feature":"hide","_kad_post_feature_position":"","_kad_post_header":false,"_kad_post_footer":false,"_kad_post_classname":"","footnotes":""},"class_list":["post-3383","page","type-page","status-publish","hentry"],"jetpack_sharing_enabled":true,"_links":{"self":[{"href":"https:\/\/littlemagic.com.pl\/en\/wp-json\/wp\/v2\/pages\/3383","targetHints":{"allow":["GET"]}}],"collection":[{"href":"https:\/\/littlemagic.com.pl\/en\/wp-json\/wp\/v2\/pages"}],"about":[{"href":"https:\/\/littlemagic.com.pl\/en\/wp-json\/wp\/v2\/types\/page"}],"author":[{"embeddable":true,"href":"https:\/\/littlemagic.com.pl\/en\/wp-json\/wp\/v2\/users\/1"}],"replies":[{"embeddable":true,"href":"https:\/\/littlemagic.com.pl\/en\/wp-json\/wp\/v2\/comments?post=3383"}],"version-history":[{"count":0,"href":"https:\/\/littlemagic.com.pl\/en\/wp-json\/wp\/v2\/pages\/3383\/revisions"}],"wp:attachment":[{"href":"https:\/\/littlemagic.com.pl\/en\/wp-json\/wp\/v2\/media?parent=3383"}],"curies":[{"name":"wp","href":"https:\/\/api.w.org\/{rel}","templated":true}]}}